{"id":1012,"date":"2025-02-02T07:51:51","date_gmt":"2025-02-02T06:51:51","guid":{"rendered":"https:\/\/fundaciontoledo.org\/?page_id=1012"},"modified":"2025-02-02T07:55:33","modified_gmt":"2025-02-02T06:55:33","slug":"concurso-de-arte","status":"publish","type":"page","link":"https:\/\/fundaciontoledo.org\/?page_id=1012","title":{"rendered":"Concurso de Arte"},"content":{"rendered":"\t\t<div data-elementor-type=\"wp-page\" data-elementor-id=\"1012\" class=\"elementor elementor-1012\">\n\t\t\t\t\t\t<section class=\"elementor-section elementor-top-section elementor-element elementor-element-42ff930e elementor-section-boxed elementor-section-height-default elementor-section-height-default\" data-id=\"42ff930e\" data-element_type=\"section\" data-settings=\"{&quot;background_background&quot;:&quot;classic&quot;}\">\n\t\t\t\t\t\t\t<div class=\"elementor-background-overlay\"><\/div>\n\t\t\t\t\t\t\t<div class=\"elementor-container elementor-column-gap-default\">\n\t\t\t\t\t<div class=\"elementor-column elementor-col-100 elementor-top-column elementor-element elementor-element-744de05a\" data-id=\"744de05a\" data-element_type=\"column\">\n\t\t\t<div class=\"elementor-widget-wrap elementor-element-populated\">\n\t\t\t\t\t\t<section class=\"elementor-section elementor-inner-section elementor-element elementor-element-3fc2babe elementor-section-boxed elementor-section-height-default elementor-section-height-default\" data-id=\"3fc2babe\" data-element_type=\"section\">\n\t\t\t\t\t\t<div class=\"elementor-container elementor-column-gap-default\">\n\t\t\t\t\t<div class=\"elementor-column elementor-col-100 elementor-inner-column elementor-element elementor-element-6e67dc16\" data-id=\"6e67dc16\" data-element_type=\"column\">\n\t\t\t<div class=\"elementor-widget-wrap elementor-element-populated\">\n\t\t\t\t\t\t<div class=\"elementor-element elementor-element-5bb23f07 elementor-widget elementor-widget-hub_fancy_heading\" data-id=\"5bb23f07\" data-element_type=\"widget\" data-widget_type=\"hub_fancy_heading.default\">\n\t\t\t\t<div class=\"elementor-widget-container\">\n\t\t\t\t\t\n\t\t<div id=\"ld-fancy-heading-69fa93e7652a6\" class=\"ld-fancy-heading pos-rel\">\n\t\t\t<h6 class=\"ld-fh-element d-inline-block pos-rel  elementor-heading-title lqd-highlight-classic lqd-highlight-grow-left h6\"  > CONVOCATORIA<\/h6>\t\t<\/div>\n\n\t\t\t\t\t\t<\/div>\n\t\t\t\t<\/div>\n\t\t\t\t\t<\/div>\n\t\t<\/div>\n\t\t\t\t\t<\/div>\n\t\t<\/section>\n\t\t\t\t<section class=\"elementor-section elementor-inner-section elementor-element elementor-element-1246f80b elementor-section-boxed elementor-section-height-default elementor-section-height-default\" data-id=\"1246f80b\" data-element_type=\"section\">\n\t\t\t\t\t\t<div class=\"elementor-container elementor-column-gap-default\">\n\t\t\t\t\t<div class=\"elementor-column elementor-col-50 elementor-inner-column elementor-element elementor-element-70c6e51b\" data-id=\"70c6e51b\" data-element_type=\"column\">\n\t\t\t<div class=\"elementor-widget-wrap elementor-element-populated\">\n\t\t\t\t\t\t<div class=\"elementor-element elementor-element-14bb6b87 elementor-widget elementor-widget-hub_fancy_heading\" data-id=\"14bb6b87\" data-element_type=\"widget\" data-widget_type=\"hub_fancy_heading.default\">\n\t\t\t\t<div class=\"elementor-widget-container\">\n\t\t\t\t\t\n\t\t<div id=\"ld-fancy-heading-69fa93e7662c8\" class=\"ld-fancy-heading pos-rel\">\n\t\t\t<h1 class=\"ld-fh-element d-inline-block pos-rel  elementor-heading-title lqd-highlight-classic lqd-highlight-grow-left h1\"  > Concurso de Arte<\/h1>\t\t<\/div>\n\n\t\t\t\t\t\t<\/div>\n\t\t\t\t<\/div>\n\t\t\t\t\t<\/div>\n\t\t<\/div>\n\t\t\t\t<div class=\"elementor-column elementor-col-50 elementor-inner-column elementor-element elementor-element-5b3901e6\" data-id=\"5b3901e6\" data-element_type=\"column\">\n\t\t\t<div class=\"elementor-widget-wrap elementor-element-populated\">\n\t\t\t\t\t\t<div class=\"elementor-element elementor-element-1d6ae9c2 elementor-widget elementor-widget-hub_fancy_heading\" data-id=\"1d6ae9c2\" data-element_type=\"widget\" data-widget_type=\"hub_fancy_heading.default\">\n\t\t\t\t<div class=\"elementor-widget-container\">\n\t\t\t\t\t\n\t\t<div id=\"ld-fancy-heading-69fa93e766b59\" class=\"ld-fancy-heading pos-rel\">\n\t\t\t<p class=\"ld-fh-element d-inline-block pos-rel  lqd-highlight-classic lqd-highlight-grow-left p\"  > \u00a1Descubre, Participa y \u00danete!<\/p>\t\t<\/div>\n\n\t\t\t\t\t\t<\/div>\n\t\t\t\t<\/div>\n\t\t\t\t\t<\/div>\n\t\t<\/div>\n\t\t\t\t\t<\/div>\n\t\t<\/section>\n\t\t\t\t\t<\/div>\n\t\t<\/div>\n\t\t\t\t\t<\/div>\n\t\t<\/section>\n\t\t<div class=\"elementor-element elementor-element-153613e e-flex e-con-boxed e-con e-parent\" data-id=\"153613e\" data-element_type=\"container\">\n\t\t\t\t\t<div class=\"e-con-inner\">\n\t\t\t\t<div class=\"elementor-element elementor-element-ed2d137 elementor-widget elementor-widget-text-editor\" data-id=\"ed2d137\" data-element_type=\"widget\" data-widget_type=\"text-editor.default\">\n\t\t\t\t<div class=\"elementor-widget-container\">\n\t\t\t\t\t\t\t\t\t<div><div><h2>Segundo Concurso Estatal de Ilustraci\u00f3n Art\u00edstica y Literatura<\/h2><h1>Arte y Salud P\u00fablica<\/h1><p><br \/><img decoding=\"async\" src=\"https:\/\/venart.com.mx\/images\/logos\/logo-venart-with-subtitle.png\" alt=\"Venart\" \/><\/p><\/div><div><h1>CONVOCATORIA<\/h1><p>FUNDACI\u00d3N TOLEDO A.C. Y GRUPO M\u00c9DICO VENART, EN COLABORACI\u00d3N CON LA SEXAG\u00c9SIMA NOVENA LEGISLATURA DEL CONGRESO DEL ESTADO DE CHIAPAS, CONVOCAN AL SEGUNDO CONCURSO ESTATAL DE ILUSTRACI\u00d3N ART\u00cdSTICA Y LITERATURA<br \/>\u201cARTE Y SALUD P\u00daBLICA\u201d<\/p><h1>BAJO LAS SIGUIENTES BASES:<\/h1><h2>CATEGOR\u00cdA ILUSTRACI\u00d3N ART\u00cdSTICA<\/h2><p><strong>TEMA<\/strong><br \/><strong><em>SOMOS LO QUE COMEMOS: \u00a1LOS COLORES DE LA SALUD!<\/em><\/strong><\/p><p>En esta segunda edici\u00f3n, el Concurso tendr\u00e1 como tema exclusivo el fomento de la sana alimentaci\u00f3n. El objetivo es ilustrar desde el arte la importancia de una correcta nutrici\u00f3n como un factor esencial para prevenir enfermedades y mejorar el bienestar general. La Organizaci\u00f3n Mundial de la Salud (OMS) se\u00f1ala que una dieta saludable ayuda a protegernos de enfermedades y que los colores en los alimentos pueden ofrecer pistas sobre sus nutrientes y beneficios, y es que, cada color generalmente indica la presencia de diferentes fitoqu\u00edmicos y antioxidantes que son esenciales para una buena nutrici\u00f3n. \u00a1As\u00ed que hay una buena raz\u00f3n para conectar el arte y la salud inspir\u00e1ndonos en los colores!<\/p><p><strong>OBJETIVO<\/strong><\/p><p>Los organizadores del certamen asumimos el compromiso del arte como una pr\u00e1ctica social que, a trav\u00e9s de sus lenguajes espec\u00edficos y sus significados, forman parte esencial de lo humano y su devenir hist\u00f3rico, asociado siempre a las cuestiones y asuntos de su tiempo y espacio. Por ello, queremos que, a trav\u00e9s de las im\u00e1genes y lenguajes art\u00edsticos, se generen con sensibilidad, razonamiento y conciencia, pr\u00e1cticas individuales y comunitarias que coadyuven a la salud p\u00fablica.<\/p><p><strong>COBERTURA Y L\u00cdMITES DE PARTICIPACI\u00d3N<\/strong><\/p><p>Podr\u00e1n participar artistas visuales e ilustradores de entre 18 y 29 a\u00f1os de edad, nacidos o residentes del estado de Chiapas.<\/p><p><strong>MEC\u00c1NICA DEL CONCURSO<\/strong><\/p><p>Se consideran tres etapas: env\u00edo de versi\u00f3n digital, selecci\u00f3n-env\u00edo de obra en f\u00edsico y exhibici\u00f3n- premiaci\u00f3n.<\/p><p>En una primera etapa los participantes enviar\u00e1n un m\u00e1ximo de 3 propuestas de ilustraci\u00f3n digitalizadas en formato JPG, de cuyo total el Comit\u00e9 Organizador seleccionar\u00e1 un m\u00e1ximo de 50 obras, para su recepci\u00f3n f\u00edsica y evaluaci\u00f3n final, en una segunda etapa.<\/p><p>Para la segunda etapa, se seleccionar\u00e1n las im\u00e1genes para la exhibici\u00f3n y cat\u00e1logo del certamen. La selecci\u00f3n correr\u00e1 a cargo de un jurado con integrantes de reconocida trayectoria art\u00edstica, un especialista de la salud, un representante de Grupo M\u00e9dico Venart y un representante de Fundaci\u00f3n Toledo A.C., mismo que evaluar\u00e1 las obras y har\u00e1 la selecci\u00f3n para la exhibici\u00f3n. En esta etapa se designar\u00e1n las obras seleccionadas; los resultados ser\u00e1n publicados en redes sociales y notificados v\u00eda correo electr\u00f3nico para el env\u00edo de obras en f\u00edsico, enmarcadas, con ficha t\u00e9cnica: autor, t\u00e9cnica, medidas, a\u00f1o y aval\u00fao no mayor a $8,000.00 (ocho mil pesos m.n.).<\/p><p>Dentro de la tercera y \u00faltima etapa se organizar\u00e1 una exposici\u00f3n con la obra seleccionada cuya sede ser\u00e1 el Congreso del Estado. En la apertura de la muestra se realizar\u00e1 la ceremonia donde se presentar\u00e1n los tres premios de adquisici\u00f3n y se relaizar\u00e1 la entrega de constancias de selecci\u00f3n. El fallo ser\u00e1 inapelable.<\/p><p><strong>REQUISITOS Y PROCESO<\/strong><\/p><ol><li>La inscripci\u00f3n a este Concurso implica la aceptaci\u00f3n de estas bases y de las siguientes etapas.<\/li><li>Para la primera etapa los participantes enviar\u00e1n al correo concursodearte@fundaciontoledo.org, un archivo word con su nombre, la t\u00e9cnica, a\u00f1o de realizaci\u00f3n, aval\u00fao de la obra no mayor a $8,000 (ocho mil pesos m.m), correo, n\u00famero de tel\u00e9fono, adicionando imagen digitalizada de su credencial de elector, de la obra o las obras que proponen para el Concurso. El Comit\u00e9 Organizador confirmar\u00e1 su recepci\u00f3n e inscripci\u00f3n.<\/li><li>Podr\u00e1n participar artistas visuales e ilustradores de entre 18 y 29 a\u00f1os.<\/li><li>Las propuestas pueden realizarse en t\u00e9cnicas tradicionales (grabado, pintura y dibujo).<\/li><li>En el caso de las obras de ilustraci\u00f3n art\u00edstica las dimensiones del soporte deber\u00e1n ser equivalentes al formato tabloide (27.9 cm x 43.2 cm).<\/li><li>Todas las ilustraciones art\u00edsticas deber\u00e1n respetar valores y principios como la equidad, la igualdad y solidaridad, sin incluir elementos de posible discriminaci\u00f3n por motivos de identidad de g\u00e9nero, religi\u00f3n, pertenencia cultural, apariencia o cualquier otro.<\/li><li>La convocatoria permanecer\u00e1 abierta a partir de su publicaci\u00f3n, hasta el 14 de febrero de 2025, cerrando a las 16:00 horas.<\/li><li>Del 15 de febrero al 6 de marzo de 2025, el Comit\u00e9 Organizador seleccionar\u00e1 las obras que pasen a la siguiente etapa, los resultados ser\u00e1n notificados v\u00eda correo electr\u00f3nico a los participantes en los 5 d\u00edas h\u00e1biles siguientes.<\/li><li>Para la segunda etapa, del 17 al 21 de marzo, los autores seleccionados entregar\u00e1n f\u00edsicamente las piezas participantes de forma directa en las instalaciones y horarios que m\u00e1s adelante ser\u00e1n referidos. La evaluaci\u00f3n y dictamen del jurado se realizar\u00e1 el 22 y 23 de marzo de 2025, y sus resultados se notificar\u00e1n a los ganadores y a los dem\u00e1s participantes seleccionados v\u00eda correo electr\u00f3nico en d\u00edas posteriores.<\/li><li>Para la tercera etapa, la obra seleccionada estar\u00e1 resguardada por el Comit\u00e9 Organizador y se realizar\u00e1 una exhibici\u00f3n inicial y ceremonia de premiaci\u00f3n el 3 de abril de 2025 cuya sede ser\u00e1 en el Congreso del Estado de Chiapas en horario por definir.<\/li><li>La devoluci\u00f3n de las obras que no sean adquiridas se realizar\u00e1 durante el mes de abril de 2025.<\/li><\/ol><p><strong>PREMIO DE ADQUISICI\u00d3N<\/strong><\/p><ol><li>Se otorgar\u00e1n tres premios de adquisici\u00f3n de $8,000.00 (ocho mil pesos m.n.) en cualquiera de las t\u00e9cnicas concursantes. Estas tres obras formar\u00e1n parte del acervo de Fundaci\u00f3n Toledo A.C. y Grupo M\u00e9dico Venart.<\/li><li>Se otorgar\u00e1n cuatro menciones honor\u00edficas.<\/li><li>Se otorgar\u00e1n constancia de participaci\u00f3n a las obras seleccionadas.<\/li><li>Las obras seleccionadas formar\u00e1n parte de un cat\u00e1logo art\u00edstico como parte del certamen Segundo Concurso de Ilustraci\u00f3n Art\u00edstica y Literatura \u201cArte y Salud P\u00fablica\u201d.<\/li><\/ol><\/div><\/div><div><div><h2>CATEGOR\u00cdA LITERATURA (CUENTO, POES\u00cdA Y ENSAYO LITERARIO)<\/h2><p><strong>MEC\u00c1NICA DEL CONCURSO<\/strong><\/p><p>Podr\u00e1n participar escritores de entre 18 y 29 a\u00f1os de edad, nacidos o residentes en el estado de Chiapas.<\/p><p>Se consideran tres etapas: env\u00edo por correo electr\u00f3nico, selecci\u00f3n de trabajos y premiaci\u00f3n.<\/p><p>En la primera, los participantes enviar\u00e1n su propuesta por correo electr\u00f3nico. Para la segunda, un jurado con integrantes de reconocida trayectoria art\u00edstica, un especialista de la salud, un representante de Grupo M\u00e9dico Venart y un representante de Fundaci\u00f3n Toledo A.C. seleccionar\u00e1n las 50 mejores obras que pasar\u00e1n a la etapa final y que ser\u00e1n publicadas en un cat\u00e1logo art\u00edstico del certamen.<\/p><p>En la tercera etapa se designar\u00e1n los 3 trabajos ganadores, los resultados ser\u00e1n publicados en redes sociales y cada participante notificado v\u00eda correo electr\u00f3nico. El fallo ser\u00e1 inapelable.<\/p><p><strong>REQUISITOS Y PROCESO<\/strong><\/p><p>La inscripci\u00f3n a este Concurso implica la aceptaci\u00f3n de estas bases y las de las siguientes etapas.<\/p><ol><li>Cada participante deber\u00e1 enviar un trabajo con una extensi\u00f3n m\u00ednima de una y m\u00e1xima de diez cuartillas a cualquiera de las tres categor\u00edas que se mencionan a continuaci\u00f3n: cuento, poes\u00eda y ensayo literario. El Comit\u00e9 Organizador confirmar\u00e1 su recepci\u00f3n e inscripci\u00f3n.<\/li><li>La presentaci\u00f3n de los trabajos se realizar\u00e1 mediante correo electr\u00f3nico a la direcci\u00f3n concursodearte@fundaciontoledo.org. El formato de presentaci\u00f3n de los trabajos ser\u00e1 en PDF, hoja tama\u00f1o carta, a doble espacio, con letra Times New Roman a 12 puntos, firmados con seud\u00f3nimo. Se adjuntar\u00e1 en el mismo correo, un archivo separado del trabajo, con los siguientes datos: nombre completo del concursante, domicilio, tel\u00e9fono, correo electr\u00f3nico, copia de credencial de elector (ambos lados y visible); y breve ficha curricular. En el asunto del correo electr\u00f3nico deber\u00e1 escribirse Literatura Concurso Estatal Fundaci\u00f3n Toledo, seguido de la categor\u00eda en que participa (cuento, poes\u00eda o ensayo literario). Los participantes recibir\u00e1n un folio de registro.<\/li><li>Las obras participantes deben ser in\u00e9ditas y no podr\u00e1n participar trabajos que se encuentren sometidos a dictamen en otros concursos.<\/li><li>Todos los trabajos deber\u00e1n respetar valores y principios como la equidad, la igualdad y solidaridad, sin incluir elementos de posible discriminaci\u00f3n por motivos de identidad de g\u00e9nero, religi\u00f3n, pertenencia cultural, apariencia o cualquier otro.<\/li><li>La convocatoria permanecer\u00e1 abierta a partir de su publicaci\u00f3n, hasta el 14 de febrero de 2025, cerrando a las 16:00 horas.<\/li><li>Del 15 de febrero al 6 de marzo de 2025, el Comit\u00e9 Organizador seleccionar\u00e1 las obras que pasen a la siguiente etapa, los resultados ser\u00e1n notificados v\u00eda correo electr\u00f3nico a los participantes en los 5 d\u00edas h\u00e1biles siguientes.<\/li><li>La evaluaci\u00f3n y dictamen del jurado se realizar\u00e1 el 22 y 23 de marzo de 2025, y sus resultados se notificar\u00e1n a los ganadores y a los dem\u00e1s participantes seleccionados v\u00eda correo electr\u00f3nico en d\u00edas posteriores.<\/li><li>La ceremonia de premiaci\u00f3n ser\u00e1 el 3 de abril de 2025 y la sede ser\u00e1 en el Congreso del Estado de Chiapas en horario por definir.<\/li><\/ol><p><strong>PREMIO DE ADQUISICI\u00d3N<\/strong><\/p><ol><li>Se otorgar\u00e1n tres premios de adquisici\u00f3n de $8,000 (ocho mil pesos m.n.) en cualquiera de las categor\u00edas concursantes.<\/li><li>Se otorgar\u00e1n constancia de participaci\u00f3n a las obras seleccionadas en la segunda etapa.<\/li><li>El jurado determinar\u00e1 libremente el n\u00famero de menciones honor\u00edficas.<\/li><li>La participaci\u00f3n en este Concurso implica ceder los derechos de la obra a la Fundaci\u00f3n Toledo y Grupo M\u00e9dico Venart para la edici\u00f3n de publicaciones o uso promocional.<\/li><\/ol><p><strong>GENERALES<\/strong><\/p><p>Cualquier asunto no considerado en la convocatoria, ser\u00e1 resuelto por el Comit\u00e9 Organizador y, en su caso, por el jurado.<\/p><p>Tel\u00e9fono de contacto: 961 257 4550<\/p><p><strong>COMIT\u00c9 ORGANIZADOR:<\/strong><\/p><p>Fundaci\u00f3n Toledo A.C.<br \/>Grupo M\u00e9dico Venart<br \/>Congreso del Estado de Chiapas Sexag\u00e9sima Novena Legislatura<br \/>Ninfa Torres<br \/>Robie Espinoza<\/p><\/div><\/div>\t\t\t\t\t\t\t\t<\/div>\n\t\t\t\t<\/div>\n\t\t\t\t\t<\/div>\n\t\t\t\t<\/div>\n\t\t\t\t<\/div>\n\t\t","protected":false},"excerpt":{"rendered":"<p>CONVOCATORIA Concurso de Arte \u00a1Descubre, Participa y \u00danete! Segundo Concurso Estatal de Ilustraci\u00f3n Art\u00edstica y Literatura Arte y Salud P\u00fablica CONVOCATORIA FUNDACI\u00d3N TOLEDO A.C. Y GRUPO M\u00c9DICO VENART, EN COLABORACI\u00d3N CON LA SEXAG\u00c9SIMA NOVENA LEGISLATURA DEL CONGRESO DEL ESTADO DE CHIAPAS, CONVOCAN AL SEGUNDO CONCURSO ESTATAL DE ILUSTRACI\u00d3N ART\u00cdSTICA Y LITERATURA\u201cARTE Y SALUD P\u00daBLICA\u201d BAJO [&hellip;]<\/p>\n","protected":false},"author":1,"featured_media":0,"parent":0,"menu_order":0,"comment_status":"closed","ping_status":"closed","template":"","meta":{"_joinchat":[],"footnotes":""},"class_list":["post-1012","page","type-page","status-publish","hentry"],"_links":{"self":[{"href":"https:\/\/fundaciontoledo.org\/index.php?rest_route=\/wp\/v2\/pages\/1012","targetHints":{"allow":["GET"]}}],"collection":[{"href":"https:\/\/fundaciontoledo.org\/index.php?rest_route=\/wp\/v2\/pages"}],"about":[{"href":"https:\/\/fundaciontoledo.org\/index.php?rest_route=\/wp\/v2\/types\/page"}],"author":[{"embeddable":true,"href":"https:\/\/fundaciontoledo.org\/index.php?rest_route=\/wp\/v2\/users\/1"}],"replies":[{"embeddable":true,"href":"https:\/\/fundaciontoledo.org\/index.php?rest_route=%2Fwp%2Fv2%2Fcomments&post=1012"}],"version-history":[{"count":7,"href":"https:\/\/fundaciontoledo.org\/index.php?rest_route=\/wp\/v2\/pages\/1012\/revisions"}],"predecessor-version":[{"id":1034,"href":"https:\/\/fundaciontoledo.org\/index.php?rest_route=\/wp\/v2\/pages\/1012\/revisions\/1034"}],"wp:attachment":[{"href":"https:\/\/fundaciontoledo.org\/index.php?rest_route=%2Fwp%2Fv2%2Fmedia&parent=1012"}],"curies":[{"name":"wp","href":"https:\/\/api.w.org\/{rel}","templated":true}]}}