{"id":1247,"date":"2025-08-14T02:39:55","date_gmt":"2025-08-14T00:39:55","guid":{"rendered":"https:\/\/fundaciontoledo.org\/?page_id=1247"},"modified":"2025-08-14T03:16:18","modified_gmt":"2025-08-14T01:16:18","slug":"galeria-proyecto-fenix","status":"publish","type":"page","link":"https:\/\/fundaciontoledo.org\/?page_id=1247","title":{"rendered":"Galer\u00eda PROYECTO F\u00c9NIX"},"content":{"rendered":"\t\t<div data-elementor-type=\"wp-page\" data-elementor-id=\"1247\" class=\"elementor elementor-1247\">\n\t\t\t\t<div class=\"elementor-element elementor-element-8df7146 e-flex e-con-boxed e-con e-parent\" data-id=\"8df7146\" data-element_type=\"container\" data-settings=\"{&quot;background_background&quot;:&quot;gradient&quot;}\">\n\t\t\t\t\t<div class=\"e-con-inner\">\n\t\t\t\t<div class=\"elementor-element elementor-element-08f2a4b elementor-widget elementor-widget-hub_fancy_heading lqd-el-has-inner-anim\" data-id=\"08f2a4b\" data-element_type=\"widget\" data-settings=\"{&quot;enable_split&quot;:&quot;true&quot;,&quot;split_type&quot;:&quot;chars, words&quot;}\" data-widget_type=\"hub_fancy_heading.default\">\n\t\t\t\t<div class=\"elementor-widget-container\">\n\t\t\t\t\t\n\t\t<div id=\"ld-fancy-heading-69f9c71daf58d\" class=\"ld-fancy-heading pos-rel mask-text\">\n\t\t\t<h1 class=\"ld-fh-element d-inline-block pos-rel  elementor-heading-title lqd-highlight-classic lqd-highlight-grow-left lqd-split-chars h1\"  data-split-text=\"true\" data-split-options='{\"type\":\"chars, words\"}'> Proyecto F\u00e9nix<\/h1>\t\t<\/div>\n\n\t\t\t\t\t\t<\/div>\n\t\t\t\t<\/div>\n\t\t\t\t\t<\/div>\n\t\t\t\t<\/div>\n\t\t<div class=\"elementor-element elementor-element-d61b9df e-flex e-con-boxed e-con e-parent\" data-id=\"d61b9df\" data-element_type=\"container\">\n\t\t\t\t\t<div class=\"e-con-inner\">\n\t\t\t\t<div class=\"elementor-element elementor-element-8167519 elementor-widget elementor-widget-image-gallery\" data-id=\"8167519\" data-element_type=\"widget\" data-widget_type=\"image-gallery.default\">\n\t\t\t\t<div class=\"elementor-widget-container\">\n\t\t\t\t\t\t\t<div class=\"elementor-image-gallery\">\n\t\t\t<div id='gallery-1' class='gallery galleryid-1247 gallery-columns-3 gallery-size-liquid-style4-lb'><figure class='gallery-item'>\n\t\t\t<div class='gallery-icon landscape'>\n\t\t\t\t<a  href='https:\/\/fundaciontoledo.org\/wp-content\/uploads\/2025\/08\/Proyecto1.png'><img fetchpriority=\"high\" decoding=\"async\" width=\"320\" height=\"320\" src=\"https:\/\/fundaciontoledo.org\/wp-content\/uploads\/2025\/08\/Proyecto1-320x320.png\" class=\"attachment-liquid-style4-lb size-liquid-style4-lb\" alt=\"\" srcset=\"https:\/\/fundaciontoledo.org\/wp-content\/uploads\/2025\/08\/Proyecto1-320x320.png 320w, https:\/\/fundaciontoledo.org\/wp-content\/uploads\/2025\/08\/Proyecto1-150x150.png 150w\" sizes=\"(max-width: 320px) 100vw, 320px\" itemprop=\"image\" \/><\/a>\n\t\t\t<\/div><\/figure><figure class='gallery-item'>\n\t\t\t<div class='gallery-icon landscape'>\n\t\t\t\t<a  href='https:\/\/fundaciontoledo.org\/wp-content\/uploads\/2025\/08\/Proyecto2.png'><img decoding=\"async\" width=\"320\" height=\"320\" src=\"data:image\/svg+xml;charset=utf-8,%3Csvg xmlns%3D&#039;http%3A%2F%2Fwww.w3.org%2F2000%2Fsvg&#039; viewBox%3D&#039;0 0 320 320&#039;%2F%3E\" class=\"attachment-liquid-style4-lb size-liquid-style4-lb ld-lazyload\" alt=\"\" itemprop=\"image\" data-src=\"https:\/\/fundaciontoledo.org\/wp-content\/uploads\/2025\/08\/Proyecto2-320x320.png\" data-srcset=\"https:\/\/fundaciontoledo.org\/wp-content\/uploads\/2025\/08\/Proyecto2-320x320.png 320w, https:\/\/fundaciontoledo.org\/wp-content\/uploads\/2025\/08\/Proyecto2-150x150.png 150w\" data-sizes=\"(max-width: 320px) 100vw, 320px\" data-aspect=\"1\" \/><\/a>\n\t\t\t<\/div><\/figure><figure class='gallery-item'>\n\t\t\t<div class='gallery-icon landscape'>\n\t\t\t\t<a  href='https:\/\/fundaciontoledo.org\/wp-content\/uploads\/2025\/08\/Proyecto6.5.png'><img decoding=\"async\" width=\"320\" height=\"320\" src=\"data:image\/svg+xml;charset=utf-8,%3Csvg xmlns%3D&#039;http%3A%2F%2Fwww.w3.org%2F2000%2Fsvg&#039; viewBox%3D&#039;0 0 320 320&#039;%2F%3E\" class=\"attachment-liquid-style4-lb size-liquid-style4-lb ld-lazyload\" alt=\"\" itemprop=\"image\" data-src=\"https:\/\/fundaciontoledo.org\/wp-content\/uploads\/2025\/08\/Proyecto6.5-320x320.png\" data-srcset=\"https:\/\/fundaciontoledo.org\/wp-content\/uploads\/2025\/08\/Proyecto6.5-320x320.png 320w, https:\/\/fundaciontoledo.org\/wp-content\/uploads\/2025\/08\/Proyecto6.5-150x150.png 150w\" data-sizes=\"(max-width: 320px) 100vw, 320px\" data-aspect=\"1\" \/><\/a>\n\t\t\t<\/div><\/figure><figure class='gallery-item'>\n\t\t\t<div class='gallery-icon landscape'>\n\t\t\t\t<a  href='https:\/\/fundaciontoledo.org\/wp-content\/uploads\/2025\/08\/Proyecto3.png'><img loading=\"lazy\" decoding=\"async\" width=\"320\" height=\"320\" src=\"data:image\/svg+xml;charset=utf-8,%3Csvg xmlns%3D&#039;http%3A%2F%2Fwww.w3.org%2F2000%2Fsvg&#039; viewBox%3D&#039;0 0 320 320&#039;%2F%3E\" class=\"attachment-liquid-style4-lb size-liquid-style4-lb ld-lazyload\" alt=\"\" itemprop=\"image\" data-src=\"https:\/\/fundaciontoledo.org\/wp-content\/uploads\/2025\/08\/Proyecto3-320x320.png\" data-srcset=\"https:\/\/fundaciontoledo.org\/wp-content\/uploads\/2025\/08\/Proyecto3-320x320.png 320w, https:\/\/fundaciontoledo.org\/wp-content\/uploads\/2025\/08\/Proyecto3-150x150.png 150w\" data-sizes=\"(max-width: 320px) 100vw, 320px\" data-aspect=\"1\" \/><\/a>\n\t\t\t<\/div><\/figure><figure class='gallery-item'>\n\t\t\t<div class='gallery-icon portrait'>\n\t\t\t\t<a  href='https:\/\/fundaciontoledo.org\/wp-content\/uploads\/2025\/08\/Proyecto6.png'><img loading=\"lazy\" decoding=\"async\" width=\"320\" height=\"320\" src=\"data:image\/svg+xml;charset=utf-8,%3Csvg xmlns%3D&#039;http%3A%2F%2Fwww.w3.org%2F2000%2Fsvg&#039; viewBox%3D&#039;0 0 320 320&#039;%2F%3E\" class=\"attachment-liquid-style4-lb size-liquid-style4-lb ld-lazyload\" alt=\"\" itemprop=\"image\" data-src=\"https:\/\/fundaciontoledo.org\/wp-content\/uploads\/2025\/08\/Proyecto6-320x320.png\" data-srcset=\"https:\/\/fundaciontoledo.org\/wp-content\/uploads\/2025\/08\/Proyecto6-320x320.png 320w, https:\/\/fundaciontoledo.org\/wp-content\/uploads\/2025\/08\/Proyecto6-150x150.png 150w\" data-sizes=\"(max-width: 320px) 100vw, 320px\" data-aspect=\"1\" \/><\/a>\n\t\t\t<\/div><\/figure><figure class='gallery-item'>\n\t\t\t<div class='gallery-icon portrait'>\n\t\t\t\t<a  href='https:\/\/fundaciontoledo.org\/wp-content\/uploads\/2025\/08\/Proyecto5.png'><img loading=\"lazy\" decoding=\"async\" width=\"320\" height=\"320\" src=\"data:image\/svg+xml;charset=utf-8,%3Csvg xmlns%3D&#039;http%3A%2F%2Fwww.w3.org%2F2000%2Fsvg&#039; viewBox%3D&#039;0 0 320 320&#039;%2F%3E\" class=\"attachment-liquid-style4-lb size-liquid-style4-lb ld-lazyload\" alt=\"\" itemprop=\"image\" data-src=\"https:\/\/fundaciontoledo.org\/wp-content\/uploads\/2025\/08\/Proyecto5-320x320.png\" data-srcset=\"https:\/\/fundaciontoledo.org\/wp-content\/uploads\/2025\/08\/Proyecto5-320x320.png 320w, https:\/\/fundaciontoledo.org\/wp-content\/uploads\/2025\/08\/Proyecto5-150x150.png 150w\" data-sizes=\"(max-width: 320px) 100vw, 320px\" data-aspect=\"1\" \/><\/a>\n\t\t\t<\/div><\/figure><figure class='gallery-item'>\n\t\t\t<div class='gallery-icon portrait'>\n\t\t\t\t<a  href='https:\/\/fundaciontoledo.org\/wp-content\/uploads\/2025\/08\/Proyecto4.png'><img loading=\"lazy\" decoding=\"async\" width=\"320\" height=\"320\" src=\"data:image\/svg+xml;charset=utf-8,%3Csvg xmlns%3D&#039;http%3A%2F%2Fwww.w3.org%2F2000%2Fsvg&#039; viewBox%3D&#039;0 0 320 320&#039;%2F%3E\" class=\"attachment-liquid-style4-lb size-liquid-style4-lb ld-lazyload\" alt=\"\" itemprop=\"image\" data-src=\"https:\/\/fundaciontoledo.org\/wp-content\/uploads\/2025\/08\/Proyecto4-320x320.png\" data-srcset=\"https:\/\/fundaciontoledo.org\/wp-content\/uploads\/2025\/08\/Proyecto4-320x320.png 320w, https:\/\/fundaciontoledo.org\/wp-content\/uploads\/2025\/08\/Proyecto4-150x150.png 150w\" data-sizes=\"(max-width: 320px) 100vw, 320px\" data-aspect=\"1\" \/><\/a>\n\t\t\t<\/div><\/figure>\n\t\t<\/div>\n\t\t<\/div>\n\t\t\t\t\t\t<\/div>\n\t\t\t\t<\/div>\n\t\t\t\t\t<\/div>\n\t\t\t\t<\/div>\n\t\t<div class=\"elementor-element elementor-element-a137d62 e-flex e-con-boxed e-con e-parent\" data-id=\"a137d62\" data-element_type=\"container\">\n\t\t\t\t\t<div class=\"e-con-inner\">\n\t\t<div data-custom-animations=\"true\" data-ca-options=\"{&quot;addChildTimelines&quot;:false,&quot;animationTarget&quot;:&quot;:scope  &gt; .elementor-element:not(.lqd-exclude-parent-ca) &gt; .elementor-widget-container, :scope  &gt; .elementor-widget-hub_fancy_heading .lqd-split-lines .lqd-lines .split-inner, :scope  &gt; .elementor-widget-hub_fancy_heading .lqd-split-words .lqd-words .split-inner, :scope  &gt; .elementor-widget-hub_fancy_heading .lqd-split-chars .lqd-chars .split-inner, :scope  &gt; .elementor-widget-hub_fancy_heading .lqd-adv-txt-fig, :scope  &gt; .elementor-widget-ld_custom_menu .lqd-fancy-menu &gt; ul &gt; li, :scope .e-con:not([data-parallax]) .elementor-element &gt; .elementor-widget-container, :scope .e-con:not([data-parallax]) .elementor-widget-hub_fancy_heading .lqd-split-lines .lqd-lines .split-inner, :scope .e-con:not([data-parallax]) .elementor-widget-hub_fancy_heading .lqd-split-words .lqd-words .split-inner, :scope .e-con:not([data-parallax]) .elementor-widget-hub_fancy_heading .lqd-split-chars .lqd-chars .split-inner, :scope .e-con:not([data-parallax]) .elementor-widget-ld_custom_menu .lqd-fancy-menu &gt; ul &gt; li&quot;,&quot;duration&quot;:1000,&quot;startDelay&quot;:200,&quot;delay&quot;:100,&quot;ease&quot;:[&quot;power4.out&quot;],&quot;initValues&quot;:{&quot;y&quot;:&quot;30px&quot;,&quot;opacity&quot;:0},&quot;animations&quot;:{&quot;y&quot;:&quot;0px&quot;,&quot;opacity&quot;:1}}\" class=\"elementor-element elementor-element-1b4eac3 e-con-full e-flex e-con e-child\" data-id=\"1b4eac3\" data-element_type=\"container\">\n\t\t\t\t<div class=\"elementor-element elementor-element-e6f75eb elementor-widget elementor-widget-hub_fancy_heading lqd-el-has-inner-anim\" data-id=\"e6f75eb\" data-element_type=\"widget\" data-settings=\"{&quot;enable_split&quot;:&quot;true&quot;,&quot;split_type&quot;:&quot;words&quot;}\" data-widget_type=\"hub_fancy_heading.default\">\n\t\t\t\t<div class=\"elementor-widget-container\">\n\t\t\t\t\t\n\t\t<div id=\"ld-fancy-heading-69f9c71ddd0ad\" class=\"ld-fancy-heading pos-rel\">\n\t\t\t<h2 class=\"ld-fh-element d-inline-block pos-rel  elementor-heading-title lqd-highlight-classic lqd-highlight-grow-left lqd-split-words h2\"  data-split-text=\"true\" data-split-options='{\"type\":\"words\"}'> Testimonios<\/h2>\t\t<\/div>\n\n\t\t\t\t\t\t<\/div>\n\t\t\t\t<\/div>\n\t\t\t\t<div class=\"elementor-element elementor-element-13a610a elementor-widget elementor-widget-ld_testimonial\" data-id=\"13a610a\" data-element_type=\"widget\" data-widget_type=\"ld_testimonial.default\">\n\t\t\t\t<div class=\"elementor-widget-container\">\n\t\t\t\t\t                <div class=\"lqd-testi pos-rel lqd-testi-style-1 d-flex flex-column-reverse lqd-testi-card lqd-testi-shadow-xs lqd-testi-details-lg lqd-testi-quote-18 lqd-testi-avatar-72\">\n\n                    <div class=\"lqd-testi-quote mb-1\">\n                        <blockquote><p>El inicio del Proyecto F\u00e9nix<br \/>\nEn el coraz\u00f3n de Villa Corzo, Chiapas, comenz\u00f3 una historia que hoy inspira a muchas comunidades: la reconstrucci\u00f3n de tres aulas en la escuela primaria local, severamente da\u00f1adas por el sismo de 2017. Esta fue la primera acci\u00f3n del Proyecto F\u00e9nix, una iniciativa que naci\u00f3 con la misi\u00f3n de recuperar espacios educativos y devolver la esperanza a cientos de ni\u00f1as y ni\u00f1os.<br \/>\nEste proyecto fue posible gracias a la visi\u00f3n y compromiso del profesor Jos\u00e9 Alfredo Dom\u00ednguez Ruiz, entonces director de la escuela, quien gestion\u00f3 incansablemente el apoyo de la Fundaci\u00f3n Toledo.<br \/>\n Poco antes de su partida, logr\u00f3 ver cristalizado uno de sus m\u00e1s grandes anhelos: brindar a su comunidad aulas dignas para aprender y so\u00f1ar. Hoy, su legado vive en cada rinc\u00f3n de esas aulas y en la memoria de estudiantes, docentes y familias que lo recuerdan con profundo cari\u00f1o y gratitud.<br \/>\nM\u00e1s de 200 estudiantes fueron beneficiados con esta acci\u00f3n conjunta, realizada con el apoyo de la organizaci\u00f3n aliada Un Hogar para Chiapas A.C.. As\u00ed naci\u00f3 el Proyecto F\u00e9nix, que contin\u00faa avanzando con paso firme, regenerando escuelas y fortaleciendo comunidades en todo el estado.<br \/>\n\u201cAqu\u00ed no solo se construyeron aulas, se construyeron sue\u00f1os. Gracias por creer en nuestra escuela y en nuestros ni\u00f1os.\u201d \u2014 Testimonio de una madre de familia beneficiada<\/p>\n<\/blockquote>                    <\/div>\n\n                    <div class=\"lqd-testi-info d-flex flex-wrap justify-content-between mb-3\">\n\n                        <div class=\"lqd-testi-details d-flex align-items-center\">\n                                                        <div class=\"lqd-testi-np ps-4\">\n                                <h3 >Villa Corzo, Chiapas \u2013 2022  El inicio del Proyecto F\u00e9nix<\/h3>                                <h4 class=\"font-weight-light\">&quot;Construyendo aulas, sosteniendo sue\u00f1os&quot;<\/h4>                            <\/div>\n\n                        <\/div>\n\n                    <\/div>\n\n                <\/div>\n            \t\t\t\t<\/div>\n\t\t\t\t<\/div>\n\t\t\t\t<div class=\"elementor-element elementor-element-a17844b elementor-widget elementor-widget-hub_fancy_heading\" data-id=\"a17844b\" data-element_type=\"widget\" data-widget_type=\"hub_fancy_heading.default\">\n\t\t\t\t<div class=\"elementor-widget-container\">\n\t\t\t\t\t\n\t\t<div id=\"ld-fancy-heading-69f9c71dde32e\" class=\"ld-fancy-heading pos-rel\">\n\t\t\t<p class=\"ld-fh-element d-inline-block pos-rel  lqd-highlight-classic lqd-highlight-grow-left p\"  > Tomado de: \u201cConstruyendo aulas, sosteniendo sue\u00f1os\u201d La historia de la primera escuela beneficiada (Villa Corzo, Chiapas, 2022) y que represent\u00f3 el comienzo del \u201cProyecto F\u00e9nix\u201d  Esta acci\u00f3n fue la \u00faltima herencia que dej\u00f3 el Director Jos\u00e9 Alfredo Dominguez Ruiz, antes de partir, los habitantes, padres de familia y estudiantes de esta Primaria lo recuerdan con cari\u00f1o por haber buscado a la Fundaci\u00f3n para lograr que 3 aulas que fueron da\u00f1adas desde el sismo 2017 fueran restauradas, beneficiando alrededor de 200 ni\u00f1os. Hoy junto a Un Hogar para Chiapas A.C, \u201cProyecto F\u00e9nix\u201d avanza s\u00f3lido y es una realidad.\n<\/p>\t\t<\/div>\n\n\t\t\t\t\t\t<\/div>\n\t\t\t\t<\/div>\n\t\t\t\t<\/div>\n\t\t\t\t\t<\/div>\n\t\t\t\t<\/div>\n\t\t<div class=\"elementor-element elementor-element-8f594f9 e-flex e-con-boxed e-con e-parent\" data-id=\"8f594f9\" data-element_type=\"container\">\n\t\t\t\t\t<div class=\"e-con-inner\">\n\t\t<div data-custom-animations=\"true\" data-ca-options=\"{&quot;addChildTimelines&quot;:false,&quot;animationTarget&quot;:&quot;:scope  &gt; .elementor-element:not(.lqd-exclude-parent-ca) &gt; .elementor-widget-container, :scope  &gt; .elementor-widget-hub_fancy_heading .lqd-split-lines .lqd-lines .split-inner, :scope  &gt; .elementor-widget-hub_fancy_heading .lqd-split-words .lqd-words .split-inner, :scope  &gt; .elementor-widget-hub_fancy_heading .lqd-split-chars .lqd-chars .split-inner, :scope  &gt; .elementor-widget-hub_fancy_heading .lqd-adv-txt-fig, :scope  &gt; .elementor-widget-ld_custom_menu .lqd-fancy-menu &gt; ul &gt; li, :scope .e-con:not([data-parallax]) .elementor-element &gt; .elementor-widget-container, :scope .e-con:not([data-parallax]) .elementor-widget-hub_fancy_heading .lqd-split-lines .lqd-lines .split-inner, :scope .e-con:not([data-parallax]) .elementor-widget-hub_fancy_heading .lqd-split-words .lqd-words .split-inner, :scope .e-con:not([data-parallax]) .elementor-widget-hub_fancy_heading .lqd-split-chars .lqd-chars .split-inner, :scope .e-con:not([data-parallax]) .elementor-widget-ld_custom_menu .lqd-fancy-menu &gt; ul &gt; li&quot;,&quot;duration&quot;:1000,&quot;startDelay&quot;:200,&quot;delay&quot;:100,&quot;ease&quot;:[&quot;power4.out&quot;],&quot;initValues&quot;:{&quot;y&quot;:&quot;30px&quot;,&quot;opacity&quot;:0},&quot;animations&quot;:{&quot;y&quot;:&quot;0px&quot;,&quot;opacity&quot;:1}}\" class=\"elementor-element elementor-element-959910f e-con-full e-flex e-con e-child\" data-id=\"959910f\" data-element_type=\"container\">\n\t\t\t\t<div class=\"elementor-element elementor-element-63dd82f elementor-widget elementor-widget-hub_fancy_heading lqd-el-has-inner-anim\" data-id=\"63dd82f\" data-element_type=\"widget\" data-settings=\"{&quot;enable_split&quot;:&quot;true&quot;,&quot;split_type&quot;:&quot;words&quot;}\" data-widget_type=\"hub_fancy_heading.default\">\n\t\t\t\t<div class=\"elementor-widget-container\">\n\t\t\t\t\t\n\t\t<div id=\"ld-fancy-heading-69f9c71ddf6b4\" class=\"ld-fancy-heading pos-rel\">\n\t\t\t<h2 class=\"ld-fh-element d-inline-block pos-rel  elementor-heading-title lqd-highlight-classic lqd-highlight-grow-left lqd-split-words h2\"  data-split-text=\"true\" data-split-options='{\"type\":\"words\"}'> MAPA DE AULA DID\u00c1CTICAS<\/h2>\t\t<\/div>\n\n\t\t\t\t\t\t<\/div>\n\t\t\t\t<\/div>\n\t\t\t\t<\/div>\n\t\t\t\t\t<\/div>\n\t\t\t\t<\/div>\n\t\t\t\t<\/div>\n\t\t","protected":false},"excerpt":{"rendered":"<p>Proyecto F\u00e9nix Testimonios El inicio del Proyecto F\u00e9nix En el coraz\u00f3n de Villa Corzo, Chiapas, comenz\u00f3 una historia que hoy inspira a muchas comunidades: la reconstrucci\u00f3n de tres aulas en la escuela primaria local, severamente da\u00f1adas por el sismo de 2017. Esta fue la primera acci\u00f3n del Proyecto F\u00e9nix, una iniciativa que naci\u00f3 con la [&hellip;]<\/p>\n","protected":false},"author":1,"featured_media":0,"parent":0,"menu_order":0,"comment_status":"closed","ping_status":"closed","template":"elementor_header_footer","meta":{"_joinchat":[],"footnotes":""},"class_list":["post-1247","page","type-page","status-publish","hentry"],"_links":{"self":[{"href":"https:\/\/fundaciontoledo.org\/index.php?rest_route=\/wp\/v2\/pages\/1247","targetHints":{"allow":["GET"]}}],"collection":[{"href":"https:\/\/fundaciontoledo.org\/index.php?rest_route=\/wp\/v2\/pages"}],"about":[{"href":"https:\/\/fundaciontoledo.org\/index.php?rest_route=\/wp\/v2\/types\/page"}],"author":[{"embeddable":true,"href":"https:\/\/fundaciontoledo.org\/index.php?rest_route=\/wp\/v2\/users\/1"}],"replies":[{"embeddable":true,"href":"https:\/\/fundaciontoledo.org\/index.php?rest_route=%2Fwp%2Fv2%2Fcomments&post=1247"}],"version-history":[{"count":10,"href":"https:\/\/fundaciontoledo.org\/index.php?rest_route=\/wp\/v2\/pages\/1247\/revisions"}],"predecessor-version":[{"id":1266,"href":"https:\/\/fundaciontoledo.org\/index.php?rest_route=\/wp\/v2\/pages\/1247\/revisions\/1266"}],"wp:attachment":[{"href":"https:\/\/fundaciontoledo.org\/index.php?rest_route=%2Fwp%2Fv2%2Fmedia&parent=1247"}],"curies":[{"name":"wp","href":"https:\/\/api.w.org\/{rel}","templated":true}]}}