{"id":1291,"date":"2025-08-14T04:14:04","date_gmt":"2025-08-14T02:14:04","guid":{"rendered":"https:\/\/fundaciontoledo.org\/?page_id=1291"},"modified":"2025-08-14T04:32:53","modified_gmt":"2025-08-14T02:32:53","slug":"testimonios","status":"publish","type":"page","link":"https:\/\/fundaciontoledo.org\/?page_id=1291","title":{"rendered":"Testimonios"},"content":{"rendered":"\t\t<div data-elementor-type=\"wp-page\" data-elementor-id=\"1291\" class=\"elementor elementor-1291\">\n\t\t\t\t<div class=\"elementor-element elementor-element-ac7d40f e-flex e-con-boxed e-con e-parent\" data-id=\"ac7d40f\" data-element_type=\"container\" data-settings=\"{&quot;background_background&quot;:&quot;gradient&quot;}\">\n\t\t\t\t\t<div class=\"e-con-inner\">\n\t\t\t\t<div class=\"elementor-element elementor-element-9b8e8d2 elementor-widget elementor-widget-hub_fancy_heading lqd-el-has-inner-anim\" data-id=\"9b8e8d2\" data-element_type=\"widget\" data-settings=\"{&quot;enable_split&quot;:&quot;true&quot;,&quot;split_type&quot;:&quot;chars, words&quot;}\" data-widget_type=\"hub_fancy_heading.default\">\n\t\t\t\t<div class=\"elementor-widget-container\">\n\t\t\t\t\t\n\t\t<div id=\"ld-fancy-heading-69f9b2e92b625\" class=\"ld-fancy-heading pos-rel mask-text\">\n\t\t\t<h1 class=\"ld-fh-element d-inline-block pos-rel  elementor-heading-title lqd-highlight-classic lqd-highlight-grow-left lqd-split-chars h1\"  data-split-text=\"true\" data-split-options='{\"type\":\"chars, words\"}'> Testimonios<\/h1>\t\t<\/div>\n\n\t\t\t\t\t\t<\/div>\n\t\t\t\t<\/div>\n\t\t\t\t\t<\/div>\n\t\t\t\t<\/div>\n\t\t<div class=\"elementor-element elementor-element-d0c5d5b e-flex e-con-boxed e-con e-parent\" data-id=\"d0c5d5b\" data-element_type=\"container\">\n\t\t\t\t\t<div class=\"e-con-inner\">\n\t\t\t\t<div class=\"elementor-element elementor-element-cbe2627 elementor-widget elementor-widget-ld_testimonial_carousel\" data-id=\"cbe2627\" data-element_type=\"widget\" data-widget_type=\"ld_testimonial_carousel.default\">\n\t\t\t\t<div class=\"elementor-widget-container\">\n\t\t\t\t\t\n\t\t<div class=\"carousel-container carousel-nav-left carousel-nav-left no carousel-dots-mobile-outside carousel-dots-mobile-center\" id=\"ld-testimonial-carousel-cbe2627\" >\n\n\t\t\t<div class=\"carousel-items pos-rel \"  data-lqd-flickity='{\"prevNextButtons\":true,\"navArrow\":\"2\",\"cellAlign\":\"left\",\"groupCells\":false,\"buttonsAppendTo\":\"self\",\"addSlideNumbersToArrows\":false,\"pageDots\":false}'>\n\n\t\t\t\t\t\t\t\t\t<div class=\"flickity-viewport pos-rel w-100 overflow-hidden\">\n\t\t\t\t\t\t<div class=\"flickity-slider d-flex w-100 h-100 pos-rel align-items-start\" style=\"left: 0; transform: translateX(0%);\">\n\t\t\t\n\t\t\t\t\t\t\t\t\t\t\t\t\t\t\t<div class=\"carousel-item d-flex flex-column justify-content-center elementor-repeater-item-0755248\">\n\t\t\t\t\t\t\t\t\t<div class=\"carousel-item-inner pos-rel w-100\">\n\t\t\t\t\t\t\t\t\t\t<div class=\"carousel-item-content pos-rel w-100\">\n\t\t\t\t\t\t\t\t\t\t\t\n\t\t\t\t\t\t\t\t\t\t\t                <div class=\"lqd-testi pos-rel lqd-testi-style-1 d-flex flex-column-reverse lqd-testi-card lqd-testi-shadow-xs lqd-testi-details-lg lqd-testi-quote-18 lqd-testi-avatar-72\">\n\n                    <div class=\"lqd-testi-quote mb-1\">\n                        <blockquote><p>En el coraz\u00f3n de Villa Corzo, Chiapas, comenz\u00f3 una historia que hoy inspira a muchas comunidades: la reconstrucci\u00f3n de tres aulas en la escuela primaria local, severamente da\u00f1adas por el sismo de 2017. Esta fue la <strong>primera acci\u00f3n del Proyecto F\u00e9nix<\/strong>, una iniciativa que naci\u00f3 con la misi\u00f3n de <strong>recuperar espacios educativos y devolver la esperanza a cientos de ni\u00f1as y ni\u00f1os<\/strong>.<\/p>\n<p>Este proyecto fue posible gracias a la visi\u00f3n y compromiso del <strong>profesor Jos\u00e9 Alfredo Dom\u00ednguez Ruiz<\/strong>, entonces director de la escuela, quien gestion\u00f3 incansablemente el apoyo de la Fundaci\u00f3n Toledo.<br \/>\u00a0Poco antes de su partida, logr\u00f3 ver cristalizado uno de sus m\u00e1s grandes anhelos: brindar a su comunidad aulas dignas para aprender y so\u00f1ar. Hoy, su legado vive en cada rinc\u00f3n de esas aulas y en la memoria de estudiantes, docentes y familias que lo recuerdan con profundo cari\u00f1o y gratitud.<\/p>\n<p>M\u00e1s de <strong>200 estudiantes<\/strong> fueron beneficiados con esta acci\u00f3n conjunta, realizada con el apoyo de la organizaci\u00f3n aliada <strong>Un Hogar para Chiapas A.C.<\/strong>. As\u00ed naci\u00f3 el <strong>Proyecto F\u00e9nix<\/strong>, que contin\u00faa avanzando con paso firme, regenerando escuelas y fortaleciendo comunidades en todo el estado.<\/p>\n<p>\u201cAqu\u00ed no solo se construyeron aulas, se construyeron sue\u00f1os. Gracias por creer en nuestra escuela y en nuestros ni\u00f1os.\u201d<\/p>\n<p>\u2014 Testimonio de una madre de familia beneficiada<\/p>\n<\/blockquote>                    <\/div>\n\n                    <div class=\"lqd-testi-info d-flex flex-wrap justify-content-between mb-3\">\n\n                        <div class=\"lqd-testi-details d-flex align-items-center\">\n                                                        <div class=\"lqd-testi-np ps-4\">\n                                <h3 >Villa Corzo, Chiapas \u2013 2022  El inicio del Proyecto F\u00e9nix<\/h3>                                <h4 class=\"font-weight-light\">&quot;Construyendo aulas, sosteniendo sue\u00f1os&quot;<\/h4>                            <\/div>\n\n                        <\/div>\n\n                    <\/div>\n\n                <\/div>\n            \n\t\t\t\t\t\t\t\t\t\t<\/div>\n\t\t\t\t\t\t\t\t\t<\/div>\n\t\t\t\t\t\t\t\t<\/div>\n\t\t\t\t\t\t\t\t\t\t\t\t\t\t\t<div class=\"carousel-item d-flex flex-column justify-content-center elementor-repeater-item-216ea47\">\n\t\t\t\t\t\t\t\t\t<div class=\"carousel-item-inner pos-rel w-100\">\n\t\t\t\t\t\t\t\t\t\t<div class=\"carousel-item-content pos-rel w-100\">\n\t\t\t\t\t\t\t\t\t\t\t\n\t\t\t\t\t\t\t\t\t\t\t                <div class=\"lqd-testi pos-rel lqd-testi-style-1 d-flex flex-column-reverse lqd-testi-card lqd-testi-shadow-xs lqd-testi-details-lg lqd-testi-quote-18 lqd-testi-avatar-72\">\n\n                    <div class=\"lqd-testi-quote mb-1\">\n                        <blockquote><p><span style=\"font-weight: 400;\">Desde el a\u00f1o 2016, Fundaci\u00f3n Toledo emprendi\u00f3 un camino lleno de retos, aprendizajes y satisfacciones: <\/span><b>llevar infraestructura educativa a las comunidades de Chiapas que m\u00e1s lo necesitan<\/b><span style=\"font-weight: 400;\">. A trav\u00e9s de la procuraci\u00f3n de fondos y la gesti\u00f3n de recursos p\u00fablicos, hemos hecho posible lo que muchas comunidades cre\u00edan inalcanzable: contar con <\/span><b>aulas escolares dignas, seguras y funcionales<\/b><span style=\"font-weight: 400;\">.<\/span><\/p>\n<p><span style=\"font-weight: 400;\">Cada paso en este recorrido ha estado acompa\u00f1ado de rostros, voces y manos que se suman con esperanza. Nuestro andar por el estado nos ha llevado a formar <\/span><b>alianzas s\u00f3lidas entre comunidades, autoridades y organizaciones<\/b><span style=\"font-weight: 400;\">, uniendo voluntades para transformar la realidad de cientos de ni\u00f1as, ni\u00f1os y j\u00f3venes.<\/span><\/p>\n<p><span style=\"font-weight: 400;\">Hasta hoy, el programa ha logrado <\/span><b>la gesti\u00f3n, construcci\u00f3n y entrega de 22 aulas escolares en diferentes regiones de Chiapas<\/b><span style=\"font-weight: 400;\">. Detr\u00e1s de cada aula, hay una historia: familias que trabajaron hombro a hombro, docentes que no se rindieron, ni\u00f1as y ni\u00f1os que ahora estudian bajo un techo firme, protegidos de la intemperie y llenos de sue\u00f1os por cumplir.<\/span><\/p>\n<p><span style=\"font-weight: 400;\">\u201cLo que para muchos era solo una promesa, aqu\u00ed se convirti\u00f3 en realidad. Hoy nuestros hijos tienen un lugar donde aprender y crecer.\u201d<\/span><\/p>\n<p><span style=\"font-weight: 400;\">\u00a0\u2014 Testimonio de un padre de familia en una comunidad beneficiada.<\/span><\/p>\n<p><span style=\"font-weight: 400;\">Seguiremos caminando. Porque en cada escuela que se levanta, florece una nueva oportunidad para el futuro de Chiapas.<\/span><\/p>\n<\/blockquote>                    <\/div>\n\n                    <div class=\"lqd-testi-info d-flex flex-wrap justify-content-between mb-3\">\n\n                        <div class=\"lqd-testi-details d-flex align-items-center\">\n                                                        <div class=\"lqd-testi-np ps-4\">\n                                <h3 >Chiapas \u2013 2016 a la fecha  22 aulas construidas, cientos de historias compartidas<\/h3>                                <h4 class=\"font-weight-light\">&quot;Nuestra aventura por la educaci\u00f3n&quot;<\/h4>                            <\/div>\n\n                        <\/div>\n\n                    <\/div>\n\n                <\/div>\n            \n\t\t\t\t\t\t\t\t\t\t<\/div>\n\t\t\t\t\t\t\t\t\t<\/div>\n\t\t\t\t\t\t\t\t<\/div>\n\t\t\t\t\t\t\t\t\t\t\t\t\t\t\t<div class=\"carousel-item d-flex flex-column justify-content-center elementor-repeater-item-c98a54a\">\n\t\t\t\t\t\t\t\t\t<div class=\"carousel-item-inner pos-rel w-100\">\n\t\t\t\t\t\t\t\t\t\t<div class=\"carousel-item-content pos-rel w-100\">\n\t\t\t\t\t\t\t\t\t\t\t\n\t\t\t\t\t\t\t\t\t\t\t                <div class=\"lqd-testi pos-rel lqd-testi-style-1 d-flex flex-column-reverse lqd-testi-card lqd-testi-shadow-xs lqd-testi-details-lg lqd-testi-quote-18 lqd-testi-avatar-72\">\n\n                    <div class=\"lqd-testi-quote mb-1\">\n                        <blockquote><p><span style=\"font-weight: 400;\">En la c\u00e1lida costa chiapaneca, entre manglares y tradici\u00f3n pesquera, se encuentra \u201c<\/span><b>El Terrero\u201d<\/b><span style=\"font-weight: 400;\">, una comunidad que guarda una identidad cultural rica, forjada por generaciones de familias dedicadas al mar. Este peque\u00f1o rinc\u00f3n del municipio de <\/span><b>Tonal\u00e1<\/b><span style=\"font-weight: 400;\"> \u2014una de las ciudades m\u00e1s antiguas de Chiapas, con profundas ra\u00edces prehisp\u00e1nicas\u2014 se convirti\u00f3 en un lugar profundamente significativo para Fundaci\u00f3n Toledo.<\/span><\/p>\n<p><span style=\"font-weight: 400;\">Fue en <\/span><b>2016<\/b><span style=\"font-weight: 400;\"> cuando dimos aqu\u00ed nuestro <\/span><b>primer paso en infraestructura educativa<\/b><span style=\"font-weight: 400;\">. En \u201cEl Terrero\u201d construimos una de nuestras primeras aulas: el primer espacio f\u00edsico del <\/span><b>Telebachillerato Comunitario No. 97 \u201cMariano Matamoros y Guridi\u201d<\/b><span style=\"font-weight: 400;\">. Hasta ese momento, los j\u00f3venes de la comunidad no contaban con un sitio digno para continuar sus estudios de nivel medio superior. Esta aula marc\u00f3 el inicio de una nueva etapa para muchas familias, y tambi\u00e9n para nuestra organizaci\u00f3n.<\/span><\/p>\n<p><span style=\"font-weight: 400;\">La construcci\u00f3n fue posible gracias a una suma de voluntades: <\/span><b>donativos privados<\/b><span style=\"font-weight: 400;\">, la gesti\u00f3n de recursos p\u00fablicos federales y el apoyo decidido del <\/span><b>Ayuntamiento de Tonal\u00e1 (2015\u20132018)<\/b><span style=\"font-weight: 400;\">. A partir de entonces, <\/span><b>la relaci\u00f3n entre la Fundaci\u00f3n y \u201cEl Terrero\u201d se fortaleci\u00f3<\/b><span style=\"font-weight: 400;\">.<\/span><\/p>\n<p><span style=\"font-weight: 400;\">Con el paso del tiempo, y en colaboraci\u00f3n con nuevos aliados, logramos llevar <\/span><b>sanitarios funcionales, bicicletas para los estudiantes, y acondicionar un aula como centro de c\u00f3mputo<\/b><span style=\"font-weight: 400;\"> con acceso a internet y computadoras. Todo esto ha sido fruto del trabajo en equipo, de la confianza mutua y del compromiso compartido con la educaci\u00f3n rural.<\/span><\/p>\n<p><span style=\"font-weight: 400;\">Hoy, el Telebachillerato Comunitario No. 97 es <\/span><b>s\u00edmbolo de resiliencia y ejemplo de lo que las comunidades organizadas pueden lograr junto a la sociedad civil<\/b><span style=\"font-weight: 400;\">. En cada logro, late la proactividad, calidez y fuerza de su gente.<\/span><\/p>\n<p><span style=\"font-weight: 400;\">\u201cAqu\u00ed aprendimos que cuando la comunidad cree y se organiza, nada es imposible. El Terrero nos ense\u00f1\u00f3 que los sue\u00f1os tambi\u00e9n se construyen en aulas frente al mar.\u201d<\/span><span style=\"font-weight: 400;\"><br \/><\/span><span style=\"font-weight: 400;\"> \u2014 Fundaci\u00f3n Toledo<\/span><\/p>\n<\/blockquote>                    <\/div>\n\n                    <div class=\"lqd-testi-info d-flex flex-wrap justify-content-between mb-3\">\n\n                        <div class=\"lqd-testi-details d-flex align-items-center\">\n                                                        <div class=\"lqd-testi-np ps-4\">\n                                <h3 >Tonal\u00e1, Chiapas \u2013 2016 Donde naci\u00f3 nuestro compromiso con la educaci\u00f3n rural<\/h3>                                <h4 class=\"font-weight-light\">&quot;La historia de El Terrero&quot;<\/h4>                            <\/div>\n\n                        <\/div>\n\n                    <\/div>\n\n                <\/div>\n            \n\t\t\t\t\t\t\t\t\t\t<\/div>\n\t\t\t\t\t\t\t\t\t<\/div>\n\t\t\t\t\t\t\t\t<\/div>\n\t\t\t\t\t\t\t\t\t\t\t\t\t\t\t<div class=\"carousel-item d-flex flex-column justify-content-center elementor-repeater-item-e98b264\">\n\t\t\t\t\t\t\t\t\t<div class=\"carousel-item-inner pos-rel w-100\">\n\t\t\t\t\t\t\t\t\t\t<div class=\"carousel-item-content pos-rel w-100\">\n\t\t\t\t\t\t\t\t\t\t\t\n\t\t\t\t\t\t\t\t\t\t\t                <div class=\"lqd-testi pos-rel lqd-testi-style-1 d-flex flex-column-reverse lqd-testi-card lqd-testi-shadow-xs lqd-testi-details-lg lqd-testi-quote-18 lqd-testi-avatar-72\">\n\n                    <div class=\"lqd-testi-quote mb-1\">\n                        <blockquote><p>En 2024, Fundaci\u00f3n Toledo, en colaboraci\u00f3n con la asociaci\u00f3n <strong>Tr\u00e9bol de Damas<\/strong>, lanz\u00f3 una campa\u00f1a que toc\u00f3 profundamente nuestros corazones: <strong>\u201cPor m\u00e1s sonrisas\u201d<\/strong>, una iniciativa creada para <strong>brindar apoyo directo a familias de ni\u00f1as y ni\u00f1os que enfrentan la diabetes mellitus<\/strong> en el <strong>Hospital de Especialidades Pedi\u00e1tricas de Chiapas<\/strong>.<\/p>\n<p>Esta campa\u00f1a naci\u00f3 con un gesto simb\u00f3lico, pero poderoso: <strong>la adquisici\u00f3n de una pulsera conmemorativa por un donativo de $50 pesos<\/strong>. Cada pulsera representa <strong>solidaridad, empat\u00eda y esperanza<\/strong>. Gracias a la generosidad de cientos de personas, logramos <strong>recaudar fondos que se destinaron a insumos m\u00e9dicos y servicios esenciales<\/strong> para los peque\u00f1os pacientes y sus familias.<\/p>\n<p>Empresas locales de <strong>Tuxtla Guti\u00e9rrez<\/strong> se sumaron activamente como <strong>puntos de venta y difusi\u00f3n<\/strong>, demostrando que cuando el sector privado y la sociedad civil se unen, pueden generar un impacto real y transformador.<\/p>\n<p>Esta campa\u00f1a nos record\u00f3 que <strong>la empat\u00eda tambi\u00e9n se construye con peque\u00f1os actos de amor<\/strong>. Cada pulsera vendida fue un abrazo para una familia en medio de la adversidad. Cada donativo, un paso m\u00e1s hacia un tratamiento digno y oportuno.<\/p>\n<p>\u201cVer una sonrisa en el rostro de un ni\u00f1o en medio de su lucha es el mayor regalo. Gracias a todos los que hicieron posible este esfuerzo.\u201d<br \/>\u00a0\u2014 Fundaci\u00f3n Toledo<\/p>\n<\/blockquote>                    <\/div>\n\n                    <div class=\"lqd-testi-info d-flex flex-wrap justify-content-between mb-3\">\n\n                        <div class=\"lqd-testi-details d-flex align-items-center\">\n                                                        <div class=\"lqd-testi-np ps-4\">\n                                <h3 >Chiapas \u2013 2024  Unidos por la ni\u00f1ez que enfrenta la diabetes<\/h3>                                <h4 class=\"font-weight-light\">&quot;Por m\u00e1s sonrisas&quot;<\/h4>                            <\/div>\n\n                        <\/div>\n\n                    <\/div>\n\n                <\/div>\n            \n\t\t\t\t\t\t\t\t\t\t<\/div>\n\t\t\t\t\t\t\t\t\t<\/div>\n\t\t\t\t\t\t\t\t<\/div>\n\t\t\t\t\t\t\t\n\t\t\t\t\t\t<\/div>\n\t\t\t\t\t<\/div>\n\t\t\t\t\t\t\t<\/div>\n\n\t\t\t\n\t\t<\/div>\n\t\t\t\t\t\t<\/div>\n\t\t\t\t<\/div>\n\t\t\t\t\t<\/div>\n\t\t\t\t<\/div>\n\t\t\t\t<\/div>\n\t\t","protected":false},"excerpt":{"rendered":"<p>Testimonios En el coraz\u00f3n de Villa Corzo, Chiapas, comenz\u00f3 una historia que hoy inspira a muchas comunidades: la reconstrucci\u00f3n de tres aulas en la escuela primaria local, severamente da\u00f1adas por el sismo de 2017. Esta fue la primera acci\u00f3n del Proyecto F\u00e9nix, una iniciativa que naci\u00f3 con la misi\u00f3n de recuperar espacios educativos y devolver [&hellip;]<\/p>\n","protected":false},"author":1,"featured_media":0,"parent":0,"menu_order":0,"comment_status":"closed","ping_status":"closed","template":"elementor_header_footer","meta":{"_joinchat":[],"footnotes":""},"class_list":["post-1291","page","type-page","status-publish","hentry"],"_links":{"self":[{"href":"https:\/\/fundaciontoledo.org\/index.php?rest_route=\/wp\/v2\/pages\/1291","targetHints":{"allow":["GET"]}}],"collection":[{"href":"https:\/\/fundaciontoledo.org\/index.php?rest_route=\/wp\/v2\/pages"}],"about":[{"href":"https:\/\/fundaciontoledo.org\/index.php?rest_route=\/wp\/v2\/types\/page"}],"author":[{"embeddable":true,"href":"https:\/\/fundaciontoledo.org\/index.php?rest_route=\/wp\/v2\/users\/1"}],"replies":[{"embeddable":true,"href":"https:\/\/fundaciontoledo.org\/index.php?rest_route=%2Fwp%2Fv2%2Fcomments&post=1291"}],"version-history":[{"count":4,"href":"https:\/\/fundaciontoledo.org\/index.php?rest_route=\/wp\/v2\/pages\/1291\/revisions"}],"predecessor-version":[{"id":1297,"href":"https:\/\/fundaciontoledo.org\/index.php?rest_route=\/wp\/v2\/pages\/1291\/revisions\/1297"}],"wp:attachment":[{"href":"https:\/\/fundaciontoledo.org\/index.php?rest_route=%2Fwp%2Fv2%2Fmedia&parent=1291"}],"curies":[{"name":"wp","href":"https:\/\/api.w.org\/{rel}","templated":true}]}}